{"id":17,"date":"2018-10-30T21:41:57","date_gmt":"2018-10-30T20:41:57","guid":{"rendered":"http:\/\/www.wexel-it.eu\/FeWo\/?page_id=17"},"modified":"2018-10-30T21:41:57","modified_gmt":"2018-10-30T20:41:57","slug":"startseite","status":"publish","type":"page","link":"https:\/\/wexel.info\/FeWo\/","title":{"rendered":"Startseite"},"content":{"rendered":"<p>Willkommen am Wechsel !<\/p>\n<p>Hier m\u00f6chten wir unsere kleine Ferienwohnung vorstellen, wo unsere Besucher \u00fcbernachten und sich unabh\u00e4ngig von unserem Tagesablauf auch kleine Mahlzeiten zubereiten k\u00f6nnen.<\/p>\n<p>In unserer N\u00e4he gibt es Gelegenheit zu vielf\u00e4ltigen Aktivit\u00e4ten (z.B. Skigebiet, Kletterpark, Rollerbahn, Naturbadesee u.a.), zum Wandern in unber\u00fchrter Natur (zu verschiedenen Bergh\u00fctten) oder zu Ausfl\u00fcgen (z.B. Burgen, Thermalb\u00e4der) in die Umgebung. Nach Wien oder Graz ist es ca. 1 Autostunde (Stadtbummel, Sehensw\u00fcrdigkeiten u.a.). Wer es lieber ruhig mag, kann es sich auf der Terrasse oder in unserem eingez\u00e4unten Naturgarten gem\u00fctlich machen. Verkehrsl\u00e4rm ist hier oben am Berg ein Fremdwort.<\/p>\n","protected":false},"excerpt":{"rendered":"<p>Willkommen am Wechsel ! Hier m\u00f6chten wir unsere kleine Ferienwohnung vorstellen, wo unsere Besucher \u00fcbernachten und sich unabh\u00e4ngig von unserem Tagesablauf auch kleine Mahlzeiten zubereiten k\u00f6nnen. In unserer N\u00e4he gibt es Gelegenheit zu vielf\u00e4ltigen Aktivit\u00e4ten (z.B. Skigebiet, Kletterpark, Rollerbahn, Naturbadesee u.a.), zum Wandern in unber\u00fchrter Natur (zu verschiedenen Bergh\u00fctten) oder zu Ausfl\u00fcgen (z.B. Burgen, Thermalb\u00e4der) &hellip; <\/p>\n<p class=\"link-more\"><a href=\"https:\/\/wexel.info\/FeWo\/\" class=\"more-link\"><span class=\"screen-reader-text\">\u201eStartseite\u201c<\/span> weiterlesen<\/a><\/p>\n","protected":false},"author":1,"featured_media":0,"parent":0,"menu_order":0,"comment_status":"closed","ping_status":"closed","template":"","meta":{"footnotes":""},"class_list":["post-17","page","type-page","status-publish","hentry"],"_links":{"self":[{"href":"https:\/\/wexel.info\/FeWo\/wp-json\/wp\/v2\/pages\/17","targetHints":{"allow":["GET"]}}],"collection":[{"href":"https:\/\/wexel.info\/FeWo\/wp-json\/wp\/v2\/pages"}],"about":[{"href":"https:\/\/wexel.info\/FeWo\/wp-json\/wp\/v2\/types\/page"}],"author":[{"embeddable":true,"href":"https:\/\/wexel.info\/FeWo\/wp-json\/wp\/v2\/users\/1"}],"replies":[{"embeddable":true,"href":"https:\/\/wexel.info\/FeWo\/wp-json\/wp\/v2\/comments?post=17"}],"version-history":[{"count":0,"href":"https:\/\/wexel.info\/FeWo\/wp-json\/wp\/v2\/pages\/17\/revisions"}],"wp:attachment":[{"href":"https:\/\/wexel.info\/FeWo\/wp-json\/wp\/v2\/media?parent=17"}],"curies":[{"name":"wp","href":"https:\/\/api.w.org\/{rel}","templated":true}]}}