{"id":18,"date":"2018-10-30T21:41:57","date_gmt":"2018-10-30T20:41:57","guid":{"rendered":"http:\/\/www.wexel-it.eu\/FeWo\/?page_id=18"},"modified":"2023-11-29T18:02:37","modified_gmt":"2023-11-29T17:02:37","slug":"ausfluege","status":"publish","type":"page","link":"https:\/\/wexel.info\/FeWo\/ausfluege\/","title":{"rendered":"Ausfl\u00fcge"},"content":{"rendered":"<p>Nachstehende Links f\u00fchren zu empfohlenen Ausflugszielen\/Aktivit\u00e4ten in der N\u00e4he:<\/p>\n<p><img loading=\"lazy\" decoding=\"async\" class=\"alignnone size-medium wp-image-173\" src=\"https:\/\/wexel.info\/FeWo\/wp-content\/uploads\/2018\/12\/wechselland-300x111.png\" alt=\"\" width=\"300\" height=\"111\" srcset=\"https:\/\/wexel.info\/FeWo\/wp-content\/uploads\/2018\/12\/wechselland-300x111.png 300w, https:\/\/wexel.info\/FeWo\/wp-content\/uploads\/2018\/12\/wechselland-768x283.png 768w, https:\/\/wexel.info\/FeWo\/wp-content\/uploads\/2018\/12\/wechselland.png 800w\" sizes=\"auto, (max-width: 300px) 100vw, 300px\" \/><\/p>\n<p><a href=\"https:\/\/www.schischaukel.net\/\" target=\"_blank\" rel=\"noopener noreferrer\">SkiSchaukel M\u00f6nichkirchen\/Mariensee (Winter)<\/a><br \/>\nsowie Rollerbahn und Erlebnisalm mit Schaukelweg (Sommer)<\/p>\n<p><a href=\"http:\/\/www.hamari.at\/\" target=\"_blank\" rel=\"noopener noreferrer\">Kletterpark bei M\u00f6nichkirchen<\/a><\/p>\n<p><a href=\"http:\/\/www.automobilmuseum.at\/\" target=\"_blank\" rel=\"noopener noreferrer\">Automobilmuseum in Aspang-Markt<\/a><\/p>\n<p><a href=\"https:\/\/www.wexlarena.at\/de\" target=\"_blank\" rel=\"noopener\">Familienarena in St.Corona<\/a><\/p>\n<p>weitere Links zu interessanten Ausflugszielen finden sie auf der Seite <a href=\"https:\/\/wexel.info\/Waldheimat\/wechsel-links\/wechsel-aktiv.html\" target=\"_blank\" rel=\"noopener\">Waldheimat\/Wechsel aktiv<\/a><\/p>\n<p>Kartenmaterial f\u00fcr Wanderungen im Wechselgebiet ist vorhanden.<\/p>\n","protected":false},"excerpt":{"rendered":"<p>Nachstehende Links f\u00fchren zu empfohlenen Ausflugszielen\/Aktivit\u00e4ten in der N\u00e4he: SkiSchaukel M\u00f6nichkirchen\/Mariensee (Winter) sowie Rollerbahn und Erlebnisalm mit Schaukelweg (Sommer) Kletterpark bei M\u00f6nichkirchen Automobilmuseum in Aspang-Markt Familienarena in St.Corona weitere Links zu interessanten Ausflugszielen finden sie auf der Seite Waldheimat\/Wechsel aktiv Kartenmaterial f\u00fcr Wanderungen im Wechselgebiet ist vorhanden.<\/p>\n","protected":false},"author":1,"featured_media":101,"parent":0,"menu_order":0,"comment_status":"closed","ping_status":"closed","template":"","meta":{"footnotes":""},"class_list":["post-18","page","type-page","status-publish","has-post-thumbnail","hentry"],"_links":{"self":[{"href":"https:\/\/wexel.info\/FeWo\/wp-json\/wp\/v2\/pages\/18","targetHints":{"allow":["GET"]}}],"collection":[{"href":"https:\/\/wexel.info\/FeWo\/wp-json\/wp\/v2\/pages"}],"about":[{"href":"https:\/\/wexel.info\/FeWo\/wp-json\/wp\/v2\/types\/page"}],"author":[{"embeddable":true,"href":"https:\/\/wexel.info\/FeWo\/wp-json\/wp\/v2\/users\/1"}],"replies":[{"embeddable":true,"href":"https:\/\/wexel.info\/FeWo\/wp-json\/wp\/v2\/comments?post=18"}],"version-history":[{"count":3,"href":"https:\/\/wexel.info\/FeWo\/wp-json\/wp\/v2\/pages\/18\/revisions"}],"predecessor-version":[{"id":225,"href":"https:\/\/wexel.info\/FeWo\/wp-json\/wp\/v2\/pages\/18\/revisions\/225"}],"wp:featuredmedia":[{"embeddable":true,"href":"https:\/\/wexel.info\/FeWo\/wp-json\/wp\/v2\/media\/101"}],"wp:attachment":[{"href":"https:\/\/wexel.info\/FeWo\/wp-json\/wp\/v2\/media?parent=18"}],"curies":[{"name":"wp","href":"https:\/\/api.w.org\/{rel}","templated":true}]}}