{"id":19,"date":"2018-10-30T21:41:57","date_gmt":"2018-10-30T20:41:57","guid":{"rendered":"http:\/\/www.wexel-it.eu\/FeWo\/?page_id=19"},"modified":"2018-10-30T21:41:57","modified_gmt":"2018-10-30T20:41:57","slug":"anreise","status":"publish","type":"page","link":"https:\/\/wexel.info\/FeWo\/anreise\/","title":{"rendered":"Anreise"},"content":{"rendered":"<p><img loading=\"lazy\" decoding=\"async\" class=\"alignnone size-medium wp-image-191\" src=\"https:\/\/wexel.info\/FeWo\/wp-content\/uploads\/2018\/12\/IMG_3374_Hausnr-300x225.png\" alt=\"\" width=\"300\" height=\"225\" srcset=\"https:\/\/wexel.info\/FeWo\/wp-content\/uploads\/2018\/12\/IMG_3374_Hausnr-300x225.png 300w, https:\/\/wexel.info\/FeWo\/wp-content\/uploads\/2018\/12\/IMG_3374_Hausnr-768x576.png 768w, https:\/\/wexel.info\/FeWo\/wp-content\/uploads\/2018\/12\/IMG_3374_Hausnr.png 800w\" sizes=\"auto, (max-width: 300px) 100vw, 300px\" \/><\/p>\n<p>Wir sind erreichbar \u00fcber Aspang-Markt &gt;&gt; Mariensee &gt;&gt; Forststrasse Richtung Gasthof &#8222;Fernblick&#8220;<\/p>\n<p>oder \u00fcber M\u00f6nichkirchen &gt;&gt; M\u00f6nichkirchener Schwaig &gt;&gt; Gasthof &#8222;Fernblick&#8220; &gt;&gt; weiter Richtung Mariensee<\/p>\n<p><!--more--><\/p>\n<p>&nbsp;<\/p>\n<p>Detaillierte Wegbeschreibung auf Anfrage.<\/p>\n","protected":false},"excerpt":{"rendered":"<p>Wir sind erreichbar \u00fcber Aspang-Markt &gt;&gt; Mariensee &gt;&gt; Forststrasse Richtung Gasthof &#8222;Fernblick&#8220; oder \u00fcber M\u00f6nichkirchen &gt;&gt; M\u00f6nichkirchener Schwaig &gt;&gt; Gasthof &#8222;Fernblick&#8220; &gt;&gt; weiter Richtung Mariensee<\/p>\n","protected":false},"author":1,"featured_media":45,"parent":0,"menu_order":0,"comment_status":"closed","ping_status":"closed","template":"","meta":{"footnotes":""},"class_list":["post-19","page","type-page","status-publish","has-post-thumbnail","hentry"],"_links":{"self":[{"href":"https:\/\/wexel.info\/FeWo\/wp-json\/wp\/v2\/pages\/19","targetHints":{"allow":["GET"]}}],"collection":[{"href":"https:\/\/wexel.info\/FeWo\/wp-json\/wp\/v2\/pages"}],"about":[{"href":"https:\/\/wexel.info\/FeWo\/wp-json\/wp\/v2\/types\/page"}],"author":[{"embeddable":true,"href":"https:\/\/wexel.info\/FeWo\/wp-json\/wp\/v2\/users\/1"}],"replies":[{"embeddable":true,"href":"https:\/\/wexel.info\/FeWo\/wp-json\/wp\/v2\/comments?post=19"}],"version-history":[{"count":0,"href":"https:\/\/wexel.info\/FeWo\/wp-json\/wp\/v2\/pages\/19\/revisions"}],"wp:featuredmedia":[{"embeddable":true,"href":"https:\/\/wexel.info\/FeWo\/wp-json\/wp\/v2\/media\/45"}],"wp:attachment":[{"href":"https:\/\/wexel.info\/FeWo\/wp-json\/wp\/v2\/media?parent=19"}],"curies":[{"name":"wp","href":"https:\/\/api.w.org\/{rel}","templated":true}]}}