{"id":21,"date":"2018-10-30T21:41:57","date_gmt":"2018-10-30T20:41:57","guid":{"rendered":"http:\/\/www.wexel-it.eu\/FeWo\/?page_id=21"},"modified":"2018-10-30T21:41:57","modified_gmt":"2018-10-30T20:41:57","slug":"ausstattung","status":"publish","type":"page","link":"https:\/\/wexel.info\/FeWo\/ausstattung\/","title":{"rendered":"Ausstattung"},"content":{"rendered":"<p>Die Einraum-Wohnung im Dachgeschoss ist ca. 40 qm gross und enth\u00e4lt ein modernes Bad mit Dusche\/WC sowie eine K\u00fcchenzeile mit Elektroger\u00e4ten (Sp\u00fclmaschine, Herd\/Backofen und K\u00fchlschrank) und einer kleinen Essgruppe.<\/p>\n<p>Der Wohn\/Schlafbereich besteht aus zwei Schlaf-Sofas (f\u00fcr 2 &#8211; 4 Personen) und ist mit einem modernen Fernseher ausgestattet. WLAN ist vorhanden.<\/p>\n<p>Beheizt wird die Wohnung mit einem Pelletofen vor einem freistehenden Kamin.<\/p>\n<p><!--more--><\/p>\n<div id='gallery-1' class='gallery galleryid-21 gallery-columns-2 gallery-size-medium'><figure class='gallery-item'>\n\t\t\t<div class='gallery-icon portrait'>\n\t\t\t\t<a href='https:\/\/wexel.info\/FeWo\/wp-content\/uploads\/2018\/10\/IMG_20180819_144550.jpg'><img loading=\"lazy\" decoding=\"async\" width=\"225\" height=\"300\" src=\"https:\/\/wexel.info\/FeWo\/wp-content\/uploads\/2018\/10\/IMG_20180819_144550-225x300.jpg\" class=\"attachment-medium size-medium\" alt=\"\" srcset=\"https:\/\/wexel.info\/FeWo\/wp-content\/uploads\/2018\/10\/IMG_20180819_144550-225x300.jpg 225w, https:\/\/wexel.info\/FeWo\/wp-content\/uploads\/2018\/10\/IMG_20180819_144550.jpg 450w\" sizes=\"auto, 100vw\" \/><\/a>\n\t\t\t<\/div><\/figure><figure class='gallery-item'>\n\t\t\t<div class='gallery-icon portrait'>\n\t\t\t\t<a href='https:\/\/wexel.info\/FeWo\/wp-content\/uploads\/2018\/10\/IMG_20181031_163853.jpg'><img loading=\"lazy\" decoding=\"async\" width=\"225\" height=\"300\" src=\"https:\/\/wexel.info\/FeWo\/wp-content\/uploads\/2018\/10\/IMG_20181031_163853-225x300.jpg\" class=\"attachment-medium size-medium\" alt=\"\" srcset=\"https:\/\/wexel.info\/FeWo\/wp-content\/uploads\/2018\/10\/IMG_20181031_163853-225x300.jpg 225w, https:\/\/wexel.info\/FeWo\/wp-content\/uploads\/2018\/10\/IMG_20181031_163853.jpg 600w\" sizes=\"auto, 100vw\" \/><\/a>\n\t\t\t<\/div><\/figure><figure class='gallery-item'>\n\t\t\t<div class='gallery-icon landscape'>\n\t\t\t\t<a href='https:\/\/wexel.info\/FeWo\/wp-content\/uploads\/2018\/10\/IMG_20180819_144608.jpg'><img loading=\"lazy\" decoding=\"async\" width=\"300\" height=\"225\" src=\"https:\/\/wexel.info\/FeWo\/wp-content\/uploads\/2018\/10\/IMG_20180819_144608-300x225.jpg\" class=\"attachment-medium size-medium\" alt=\"\" srcset=\"https:\/\/wexel.info\/FeWo\/wp-content\/uploads\/2018\/10\/IMG_20180819_144608-300x225.jpg 300w, https:\/\/wexel.info\/FeWo\/wp-content\/uploads\/2018\/10\/IMG_20180819_144608-768x576.jpg 768w, https:\/\/wexel.info\/FeWo\/wp-content\/uploads\/2018\/10\/IMG_20180819_144608.jpg 800w\" sizes=\"auto, 100vw\" \/><\/a>\n\t\t\t<\/div><\/figure><figure class='gallery-item'>\n\t\t\t<div class='gallery-icon portrait'>\n\t\t\t\t<a href='https:\/\/wexel.info\/FeWo\/wp-content\/uploads\/2018\/10\/IMG_20180819_144942.jpg'><img loading=\"lazy\" decoding=\"async\" width=\"225\" height=\"300\" src=\"https:\/\/wexel.info\/FeWo\/wp-content\/uploads\/2018\/10\/IMG_20180819_144942-225x300.jpg\" class=\"attachment-medium size-medium\" alt=\"\" srcset=\"https:\/\/wexel.info\/FeWo\/wp-content\/uploads\/2018\/10\/IMG_20180819_144942-225x300.jpg 225w, https:\/\/wexel.info\/FeWo\/wp-content\/uploads\/2018\/10\/IMG_20180819_144942.jpg 450w\" sizes=\"auto, 100vw\" \/><\/a>\n\t\t\t<\/div><\/figure><figure class='gallery-item'>\n\t\t\t<div class='gallery-icon portrait'>\n\t\t\t\t<a href='https:\/\/wexel.info\/FeWo\/wp-content\/uploads\/2018\/10\/IMG_20180819_144646.jpg'><img loading=\"lazy\" decoding=\"async\" width=\"225\" height=\"300\" src=\"https:\/\/wexel.info\/FeWo\/wp-content\/uploads\/2018\/10\/IMG_20180819_144646-225x300.jpg\" class=\"attachment-medium size-medium\" alt=\"\" srcset=\"https:\/\/wexel.info\/FeWo\/wp-content\/uploads\/2018\/10\/IMG_20180819_144646-225x300.jpg 225w, https:\/\/wexel.info\/FeWo\/wp-content\/uploads\/2018\/10\/IMG_20180819_144646.jpg 450w\" sizes=\"auto, 100vw\" \/><\/a>\n\t\t\t<\/div><\/figure><figure class='gallery-item'>\n\t\t\t<div class='gallery-icon portrait'>\n\t\t\t\t<a href='https:\/\/wexel.info\/FeWo\/wp-content\/uploads\/2018\/10\/IMG_20180819_144705.jpg'><img loading=\"lazy\" decoding=\"async\" width=\"225\" height=\"300\" src=\"https:\/\/wexel.info\/FeWo\/wp-content\/uploads\/2018\/10\/IMG_20180819_144705-225x300.jpg\" class=\"attachment-medium size-medium\" alt=\"\" srcset=\"https:\/\/wexel.info\/FeWo\/wp-content\/uploads\/2018\/10\/IMG_20180819_144705-225x300.jpg 225w, https:\/\/wexel.info\/FeWo\/wp-content\/uploads\/2018\/10\/IMG_20180819_144705.jpg 450w\" sizes=\"auto, 100vw\" \/><\/a>\n\t\t\t<\/div><\/figure><figure class='gallery-item'>\n\t\t\t<div class='gallery-icon landscape'>\n\t\t\t\t<a href='https:\/\/wexel.info\/FeWo\/wp-content\/uploads\/2018\/10\/IMG_20181031_164027.jpg'><img loading=\"lazy\" decoding=\"async\" width=\"300\" height=\"225\" src=\"https:\/\/wexel.info\/FeWo\/wp-content\/uploads\/2018\/10\/IMG_20181031_164027-300x225.jpg\" class=\"attachment-medium size-medium\" alt=\"\" srcset=\"https:\/\/wexel.info\/FeWo\/wp-content\/uploads\/2018\/10\/IMG_20181031_164027-300x225.jpg 300w, https:\/\/wexel.info\/FeWo\/wp-content\/uploads\/2018\/10\/IMG_20181031_164027-768x576.jpg 768w, https:\/\/wexel.info\/FeWo\/wp-content\/uploads\/2018\/10\/IMG_20181031_164027.jpg 800w\" sizes=\"auto, 100vw\" \/><\/a>\n\t\t\t<\/div><\/figure><figure class='gallery-item'>\n\t\t\t<div class='gallery-icon landscape'>\n\t\t\t\t<a href='https:\/\/wexel.info\/FeWo\/wp-content\/uploads\/2018\/10\/IMG_20181031_164613-1.jpg'><img loading=\"lazy\" decoding=\"async\" width=\"300\" height=\"225\" src=\"https:\/\/wexel.info\/FeWo\/wp-content\/uploads\/2018\/10\/IMG_20181031_164613-1-300x225.jpg\" class=\"attachment-medium size-medium\" alt=\"\" srcset=\"https:\/\/wexel.info\/FeWo\/wp-content\/uploads\/2018\/10\/IMG_20181031_164613-1-300x225.jpg 300w, https:\/\/wexel.info\/FeWo\/wp-content\/uploads\/2018\/10\/IMG_20181031_164613-1-768x576.jpg 768w, https:\/\/wexel.info\/FeWo\/wp-content\/uploads\/2018\/10\/IMG_20181031_164613-1.jpg 800w\" sizes=\"auto, 100vw\" \/><\/a>\n\t\t\t<\/div><\/figure><figure class='gallery-item'>\n\t\t\t<div class='gallery-icon landscape'>\n\t\t\t\t<a href='https:\/\/wexel.info\/FeWo\/wp-content\/uploads\/2018\/10\/IMG_20181031_163954.jpg'><img loading=\"lazy\" decoding=\"async\" width=\"300\" height=\"225\" src=\"https:\/\/wexel.info\/FeWo\/wp-content\/uploads\/2018\/10\/IMG_20181031_163954-300x225.jpg\" class=\"attachment-medium size-medium\" alt=\"\" srcset=\"https:\/\/wexel.info\/FeWo\/wp-content\/uploads\/2018\/10\/IMG_20181031_163954-300x225.jpg 300w, https:\/\/wexel.info\/FeWo\/wp-content\/uploads\/2018\/10\/IMG_20181031_163954-768x576.jpg 768w, https:\/\/wexel.info\/FeWo\/wp-content\/uploads\/2018\/10\/IMG_20181031_163954.jpg 800w\" sizes=\"auto, 100vw\" \/><\/a>\n\t\t\t<\/div><\/figure><figure class='gallery-item'>\n\t\t\t<div class='gallery-icon landscape'>\n\t\t\t\t<a href='https:\/\/wexel.info\/FeWo\/wp-content\/uploads\/2018\/10\/IMG_20181031_164100.jpg'><img loading=\"lazy\" decoding=\"async\" width=\"300\" height=\"225\" src=\"https:\/\/wexel.info\/FeWo\/wp-content\/uploads\/2018\/10\/IMG_20181031_164100-300x225.jpg\" class=\"attachment-medium size-medium\" alt=\"\" srcset=\"https:\/\/wexel.info\/FeWo\/wp-content\/uploads\/2018\/10\/IMG_20181031_164100-300x225.jpg 300w, https:\/\/wexel.info\/FeWo\/wp-content\/uploads\/2018\/10\/IMG_20181031_164100-768x576.jpg 768w, https:\/\/wexel.info\/FeWo\/wp-content\/uploads\/2018\/10\/IMG_20181031_164100.jpg 800w\" sizes=\"auto, 100vw\" \/><\/a>\n\t\t\t<\/div><\/figure>\n\t\t<\/div>\n\n<p>Die Wohnung ist noch nicht ganz fertig eingerichtet, K\u00fcche und Schr\u00e4nke m\u00fcssen noch eingebaut werden, als Essplatz dienen \u00fcber Winter vor\u00fcbergehend die Gartenm\u00f6bel.\u00a0 Die gezeigten Bilder geben jedoch schon einen ersten Eindruck, wie es werden soll. Das Bad ist komplett fertig, Schlafgelegenheiten sind da &#8211; so dass die Wohnung bei Bedarf ab sofort genutzt werden k\u00f6nnte.<\/p>\n<div id='gallery-2' class='gallery galleryid-21 gallery-columns-2 gallery-size-medium'><figure class='gallery-item'>\n\t\t\t<div class='gallery-icon portrait'>\n\t\t\t\t<a href='https:\/\/wexel.info\/FeWo\/wp-content\/uploads\/2018\/12\/IMG_20181201_143424.jpg'><img loading=\"lazy\" decoding=\"async\" width=\"225\" height=\"300\" src=\"https:\/\/wexel.info\/FeWo\/wp-content\/uploads\/2018\/12\/IMG_20181201_143424-225x300.jpg\" class=\"attachment-medium size-medium\" alt=\"\" srcset=\"https:\/\/wexel.info\/FeWo\/wp-content\/uploads\/2018\/12\/IMG_20181201_143424-225x300.jpg 225w, https:\/\/wexel.info\/FeWo\/wp-content\/uploads\/2018\/12\/IMG_20181201_143424.jpg 600w\" sizes=\"auto, 100vw\" \/><\/a>\n\t\t\t<\/div><\/figure><figure class='gallery-item'>\n\t\t\t<div class='gallery-icon landscape'>\n\t\t\t\t<a href='https:\/\/wexel.info\/FeWo\/wp-content\/uploads\/2018\/12\/IMG_20181201_143355.jpg'><img loading=\"lazy\" decoding=\"async\" width=\"300\" height=\"225\" src=\"https:\/\/wexel.info\/FeWo\/wp-content\/uploads\/2018\/12\/IMG_20181201_143355-300x225.jpg\" class=\"attachment-medium size-medium\" alt=\"\" srcset=\"https:\/\/wexel.info\/FeWo\/wp-content\/uploads\/2018\/12\/IMG_20181201_143355-300x225.jpg 300w, https:\/\/wexel.info\/FeWo\/wp-content\/uploads\/2018\/12\/IMG_20181201_143355-768x576.jpg 768w, https:\/\/wexel.info\/FeWo\/wp-content\/uploads\/2018\/12\/IMG_20181201_143355.jpg 800w\" sizes=\"auto, 100vw\" \/><\/a>\n\t\t\t<\/div><\/figure><figure class='gallery-item'>\n\t\t\t<div class='gallery-icon landscape'>\n\t\t\t\t<a href='https:\/\/wexel.info\/FeWo\/wp-content\/uploads\/2018\/12\/IMG_20181201_143309.jpg'><img loading=\"lazy\" decoding=\"async\" width=\"300\" height=\"225\" src=\"https:\/\/wexel.info\/FeWo\/wp-content\/uploads\/2018\/12\/IMG_20181201_143309-300x225.jpg\" class=\"attachment-medium size-medium\" alt=\"\" srcset=\"https:\/\/wexel.info\/FeWo\/wp-content\/uploads\/2018\/12\/IMG_20181201_143309-300x225.jpg 300w, https:\/\/wexel.info\/FeWo\/wp-content\/uploads\/2018\/12\/IMG_20181201_143309-768x576.jpg 768w, https:\/\/wexel.info\/FeWo\/wp-content\/uploads\/2018\/12\/IMG_20181201_143309.jpg 800w\" sizes=\"auto, 100vw\" \/><\/a>\n\t\t\t<\/div><\/figure>\n\t\t<\/div>\n\n<p>&nbsp;<\/p>\n","protected":false},"excerpt":{"rendered":"<p>Die Einraum-Wohnung im Dachgeschoss ist ca. 40 qm gross und enth\u00e4lt ein modernes Bad mit Dusche\/WC sowie eine K\u00fcchenzeile mit Elektroger\u00e4ten (Sp\u00fclmaschine, Herd\/Backofen und K\u00fchlschrank) und einer kleinen Essgruppe. Der Wohn\/Schlafbereich besteht aus zwei Schlaf-Sofas (f\u00fcr 2 &#8211; 4 Personen) und ist mit einem modernen Fernseher ausgestattet. WLAN ist vorhanden. Beheizt wird die Wohnung mit &hellip; <\/p>\n<p class=\"link-more\"><a href=\"https:\/\/wexel.info\/FeWo\/ausstattung\/\" class=\"more-link\"><span class=\"screen-reader-text\">\u201eAusstattung\u201c<\/span> weiterlesen<\/a><\/p>\n","protected":false},"author":1,"featured_media":80,"parent":0,"menu_order":0,"comment_status":"closed","ping_status":"closed","template":"","meta":{"footnotes":""},"class_list":["post-21","page","type-page","status-publish","has-post-thumbnail","hentry"],"_links":{"self":[{"href":"https:\/\/wexel.info\/FeWo\/wp-json\/wp\/v2\/pages\/21","targetHints":{"allow":["GET"]}}],"collection":[{"href":"https:\/\/wexel.info\/FeWo\/wp-json\/wp\/v2\/pages"}],"about":[{"href":"https:\/\/wexel.info\/FeWo\/wp-json\/wp\/v2\/types\/page"}],"author":[{"embeddable":true,"href":"https:\/\/wexel.info\/FeWo\/wp-json\/wp\/v2\/users\/1"}],"replies":[{"embeddable":true,"href":"https:\/\/wexel.info\/FeWo\/wp-json\/wp\/v2\/comments?post=21"}],"version-history":[{"count":0,"href":"https:\/\/wexel.info\/FeWo\/wp-json\/wp\/v2\/pages\/21\/revisions"}],"wp:featuredmedia":[{"embeddable":true,"href":"https:\/\/wexel.info\/FeWo\/wp-json\/wp\/v2\/media\/80"}],"wp:attachment":[{"href":"https:\/\/wexel.info\/FeWo\/wp-json\/wp\/v2\/media?parent=21"}],"curies":[{"name":"wp","href":"https:\/\/api.w.org\/{rel}","templated":true}]}}